{"id":80,"date":"2026-04-08T09:52:12","date_gmt":"2026-04-08T09:52:12","guid":{"rendered":"https:\/\/www.posiopaivat.fi\/?page_id=80"},"modified":"2026-04-08T11:19:09","modified_gmt":"2026-04-08T11:19:09","slug":"galleria","status":"publish","type":"page","link":"https:\/\/www.posiopaivat.fi\/index.php\/home\/galleria\/","title":{"rendered":"Galleria"},"content":{"rendered":"\n<div style=\"height:var(--wp--preset--spacing--50)\" aria-hidden=\"true\" class=\"wp-block-spacer\"><\/div>\n\n\n\n<div class=\"wp-block-group alignfull\" style=\"padding-top:var(--wp--preset--spacing--50);padding-right:var(--wp--preset--spacing--50);padding-bottom:var(--wp--preset--spacing--50);padding-left:var(--wp--preset--spacing--50)\"><div class=\"wp-block-group__inner-container is-layout-constrained wp-container-core-group-is-layout-0747478d wp-block-group-is-layout-constrained\">\n<div class=\"wp-block-columns alignwide is-layout-flex wp-container-core-columns-is-layout-ff4b9c61 wp-block-columns-is-layout-flex\" style=\"margin-top:0;margin-bottom:0\">\n<div class=\"wp-block-column is-layout-flow wp-block-column-is-layout-flow\">\n<figure class=\"wp-block-gallery has-nested-images columns-default is-cropped wp-block-gallery-1 is-layout-flex wp-block-gallery-is-layout-flex\">\n<figure class=\"wp-block-image size-large\"><img loading=\"lazy\" decoding=\"async\" width=\"1024\" height=\"683\" data-id=\"81\" src=\"https:\/\/www.posiopaivat.fi\/wp-content\/uploads\/2025\/11\/Pp_kemi-1024x683.jpg\" alt=\"\" class=\"wp-image-81\" srcset=\"https:\/\/www.posiopaivat.fi\/wp-content\/uploads\/2025\/11\/Pp_kemi-1024x683.jpg 1024w, https:\/\/www.posiopaivat.fi\/wp-content\/uploads\/2025\/11\/Pp_kemi-300x200.jpg 300w, https:\/\/www.posiopaivat.fi\/wp-content\/uploads\/2025\/11\/Pp_kemi-768x512.jpg 768w, https:\/\/www.posiopaivat.fi\/wp-content\/uploads\/2025\/11\/Pp_kemi-1536x1024.jpg 1536w, https:\/\/www.posiopaivat.fi\/wp-content\/uploads\/2025\/11\/Pp_kemi-2048x1365.jpg 2048w\" sizes=\"auto, (max-width: 1024px) 100vw, 1024px\" \/><\/figure>\n<\/figure>\n\n\n\n<h2 class=\"wp-block-heading\">2025 Kemi<\/h2>\n\n\n\n<p><a href=\"https:\/\/drive.google.com\/drive\/folders\/114NvlZk82jy-z66_ldtG3iZCBKxjbLiK\">Linkki galleriaan<\/a><\/p>\n<\/div>\n\n\n\n<div class=\"wp-block-column is-layout-flow wp-block-column-is-layout-flow\">\n<figure class=\"wp-block-gallery has-nested-images columns-default is-cropped wp-block-gallery-2 is-layout-flex wp-block-gallery-is-layout-flex\">\n<figure class=\"wp-block-image size-large\"><img loading=\"lazy\" decoding=\"async\" width=\"2560\" height=\"1707\" data-id=\"165\" src=\"https:\/\/www.posiopaivat.fi\/wp-content\/uploads\/2026\/04\/PA120093-edited-scaled.jpg\" alt=\"Insin\u00f6\u00f6riopiskelijoita laulamassa aloitustapahtuman lavan edess\u00e4.\" class=\"wp-image-165\" srcset=\"https:\/\/www.posiopaivat.fi\/wp-content\/uploads\/2026\/04\/PA120093-edited-scaled.jpg 2560w, https:\/\/www.posiopaivat.fi\/wp-content\/uploads\/2026\/04\/PA120093-edited-300x200.jpg 300w, https:\/\/www.posiopaivat.fi\/wp-content\/uploads\/2026\/04\/PA120093-edited-1024x683.jpg 1024w, https:\/\/www.posiopaivat.fi\/wp-content\/uploads\/2026\/04\/PA120093-edited-768x512.jpg 768w, https:\/\/www.posiopaivat.fi\/wp-content\/uploads\/2026\/04\/PA120093-edited-1536x1024.jpg 1536w, https:\/\/www.posiopaivat.fi\/wp-content\/uploads\/2026\/04\/PA120093-edited-2048x1365.jpg 2048w, https:\/\/www.posiopaivat.fi\/wp-content\/uploads\/2026\/04\/PA120093-edited-360x240.jpg 360w\" sizes=\"auto, (max-width: 2560px) 100vw, 2560px\" \/><\/figure>\n<\/figure>\n\n\n\n<h2 class=\"wp-block-heading\">2024 Rovaniemi<\/h2>\n\n\n\n<p><a href=\"https:\/\/drive.google.com\/drive\/folders\/114NvlZk82jy-z66_ldtG3iZCBKxjbLiK\">Linkki galleriaan<\/a><\/p>\n<\/div>\n\n\n\n<div class=\"wp-block-column is-layout-flow wp-block-column-is-layout-flow\">\n<figure class=\"wp-block-gallery has-nested-images columns-default is-cropped wp-block-gallery-3 is-layout-flex wp-block-gallery-is-layout-flex\">\n<figure class=\"wp-block-image size-large\"><img loading=\"lazy\" decoding=\"async\" width=\"2560\" height=\"1705\" data-id=\"167\" src=\"https:\/\/www.posiopaivat.fi\/wp-content\/uploads\/2026\/04\/KaIO2022-edited-scaled.jpg\" alt=\"\" class=\"wp-image-167\" srcset=\"https:\/\/www.posiopaivat.fi\/wp-content\/uploads\/2026\/04\/KaIO2022-edited-scaled.jpg 2560w, https:\/\/www.posiopaivat.fi\/wp-content\/uploads\/2026\/04\/KaIO2022-edited-300x200.jpg 300w, https:\/\/www.posiopaivat.fi\/wp-content\/uploads\/2026\/04\/KaIO2022-edited-1024x682.jpg 1024w, https:\/\/www.posiopaivat.fi\/wp-content\/uploads\/2026\/04\/KaIO2022-edited-768x512.jpg 768w, https:\/\/www.posiopaivat.fi\/wp-content\/uploads\/2026\/04\/KaIO2022-edited-1536x1023.jpg 1536w, https:\/\/www.posiopaivat.fi\/wp-content\/uploads\/2026\/04\/KaIO2022-edited-2048x1364.jpg 2048w, https:\/\/www.posiopaivat.fi\/wp-content\/uploads\/2026\/04\/KaIO2022-edited-360x240.jpg 360w\" sizes=\"auto, (max-width: 2560px) 100vw, 2560px\" \/><\/figure>\n<\/figure>\n\n\n\n<h2 class=\"wp-block-heading\">2022 Kajaani<\/h2>\n\n\n\n<p><a href=\"https:\/\/drive.google.com\/drive\/folders\/1olR6pBXIxfTKFZQdzUMqlWRJtphRDW04?usp=drive_link\">Linkki galleriaan<\/a><\/p>\n<\/div>\n\n\n\n<div class=\"wp-block-column is-layout-flow wp-block-column-is-layout-flow\">\n<figure class=\"wp-block-gallery has-nested-images columns-default is-cropped wp-block-gallery-4 is-layout-flex wp-block-gallery-is-layout-flex\">\n<figure class=\"wp-block-image size-large\"><img loading=\"lazy\" decoding=\"async\" width=\"1024\" height=\"681\" data-id=\"168\" src=\"https:\/\/www.posiopaivat.fi\/wp-content\/uploads\/2026\/04\/Kopio-tiedostosta-_DSC7277-1024x681.jpg\" alt=\"\" class=\"wp-image-168\" srcset=\"https:\/\/www.posiopaivat.fi\/wp-content\/uploads\/2026\/04\/Kopio-tiedostosta-_DSC7277-1024x681.jpg 1024w, https:\/\/www.posiopaivat.fi\/wp-content\/uploads\/2026\/04\/Kopio-tiedostosta-_DSC7277-300x200.jpg 300w, https:\/\/www.posiopaivat.fi\/wp-content\/uploads\/2026\/04\/Kopio-tiedostosta-_DSC7277-768x511.jpg 768w, https:\/\/www.posiopaivat.fi\/wp-content\/uploads\/2026\/04\/Kopio-tiedostosta-_DSC7277-1536x1022.jpg 1536w, https:\/\/www.posiopaivat.fi\/wp-content\/uploads\/2026\/04\/Kopio-tiedostosta-_DSC7277-2048x1363.jpg 2048w, https:\/\/www.posiopaivat.fi\/wp-content\/uploads\/2026\/04\/Kopio-tiedostosta-_DSC7277-360x240.jpg 360w\" sizes=\"auto, (max-width: 1024px) 100vw, 1024px\" \/><\/figure>\n<\/figure>\n\n\n\n<h2 class=\"wp-block-heading\">2021 Kemi<\/h2>\n\n\n\n<p><a href=\"https:\/\/drive.google.com\/drive\/folders\/1iQDrrmWatk7zO_HbkqCgYsNOnj6aNtgj?usp=drive_link\">Linkki galleriaan<\/a><\/p>\n<\/div>\n<\/div>\n<\/div><\/div>\n","protected":false},"excerpt":{"rendered":"<p>2025 Kemi Linkki galleriaan 2024 Rovaniemi Linkki galleriaan 2022 Kajaani Linkki galleriaan 2021 Kemi Linkki galleriaan<\/p>\n","protected":false},"author":1,"featured_media":0,"parent":104,"menu_order":30,"comment_status":"closed","ping_status":"closed","template":"","meta":{"_themeisle_gutenberg_block_has_review":false,"footnotes":""},"class_list":["post-80","page","type-page","status-publish","hentry"],"_links":{"self":[{"href":"https:\/\/www.posiopaivat.fi\/index.php\/wp-json\/wp\/v2\/pages\/80","targetHints":{"allow":["GET"]}}],"collection":[{"href":"https:\/\/www.posiopaivat.fi\/index.php\/wp-json\/wp\/v2\/pages"}],"about":[{"href":"https:\/\/www.posiopaivat.fi\/index.php\/wp-json\/wp\/v2\/types\/page"}],"author":[{"embeddable":true,"href":"https:\/\/www.posiopaivat.fi\/index.php\/wp-json\/wp\/v2\/users\/1"}],"replies":[{"embeddable":true,"href":"https:\/\/www.posiopaivat.fi\/index.php\/wp-json\/wp\/v2\/comments?post=80"}],"version-history":[{"count":3,"href":"https:\/\/www.posiopaivat.fi\/index.php\/wp-json\/wp\/v2\/pages\/80\/revisions"}],"predecessor-version":[{"id":169,"href":"https:\/\/www.posiopaivat.fi\/index.php\/wp-json\/wp\/v2\/pages\/80\/revisions\/169"}],"up":[{"embeddable":true,"href":"https:\/\/www.posiopaivat.fi\/index.php\/wp-json\/wp\/v2\/pages\/104"}],"wp:attachment":[{"href":"https:\/\/www.posiopaivat.fi\/index.php\/wp-json\/wp\/v2\/media?parent=80"}],"curies":[{"name":"wp","href":"https:\/\/api.w.org\/{rel}","templated":true}]}}