{"id":2,"date":"2025-09-19T13:57:04","date_gmt":"2025-09-19T13:57:04","guid":{"rendered":"http:\/\/www.posiopaivat.fi\/?page_id=2"},"modified":"2026-04-08T11:54:50","modified_gmt":"2026-04-08T11:54:50","slug":"mitka-posio-paivat","status":"publish","type":"page","link":"https:\/\/www.posiopaivat.fi\/index.php\/home\/mitka-posio-paivat\/","title":{"rendered":"Mitk\u00e4 PoSIO-p\u00e4iv\u00e4t?"},"content":{"rendered":"\n<p>PoSIO-p\u00e4ivien perinne juontaa juurensa Pohjois-Suomen insin\u00f6\u00f6riopiskelijayhdistysten yhteisty\u00f6h\u00f6n. Tapahtuma on vuosittainen kokoontuminen, joka tarjoaa opiskelijoille mahdollisuuden tutustua toisiinsa, kisailla rastikierroksella sek\u00e4 nauttia musiikista ja insin\u00f6\u00f6riopiskelijakulttuurista.<\/p>\n\n\n\n<p><\/p>\n\n\n\n<p>Tervetulleita ovat my\u00f6s kaikki muut opiskelijat \u2013 ei vaadi insin\u00f6\u00f6riopiskelijataustaa!<br>Ohjelmassa mm. aloittajatapahtuma, perinteiset insin\u00f6\u00f6riopiskelijalaulut, rastikierros 3-6 hengen ryhmiss\u00e4 sek\u00e4 jatkot.<\/p>\n\n\n\n<p><\/p>\n\n\n\n<h2 class=\"wp-block-heading\">Aiempien vuosien PoSIO-p\u00e4ivi\u00e4 on juhlittu mm. n\u00e4ill\u00e4 teemoilla<\/h2>\n\n\n\n<div id=\"wp-block-themeisle-blocks-timeline-a6beb276\" class=\"wp-block-themeisle-blocks-timeline\"><div class=\"o-timeline-root\">\n<div id=\"wp-block-themeisle-blocks-timeline-item-61916cc9\" class=\"wp-block-themeisle-blocks-timeline-item ticss-f710d227\"><div class=\"o-timeline-container\"><div class=\"o-timeline-icon\"><i class=\"fas fa-circle\"><\/i><\/div><div class=\"o-timeline-content\">\n<p class=\"has-small-font-size\">2026<\/p>\n\n\n\n<h3 class=\"wp-block-heading has-black-color has-text-color has-link-color wp-elements-c19dee9528d5b192b866af1ce1b27c11\">Fairytale gone mad<\/h3>\n\n\n\n<p>Kajaani<br><\/p>\n\n\n\n<figure class=\"wp-block-image size-large\"><img loading=\"lazy\" decoding=\"async\" width=\"2560\" height=\"1707\" src=\"https:\/\/www.posiopaivat.fi\/wp-content\/uploads\/2026\/04\/poster-edited-scaled.png\" alt=\"\" class=\"wp-image-186\" srcset=\"https:\/\/www.posiopaivat.fi\/wp-content\/uploads\/2026\/04\/poster-edited-scaled.png 2560w, https:\/\/www.posiopaivat.fi\/wp-content\/uploads\/2026\/04\/poster-edited-300x200.png 300w, https:\/\/www.posiopaivat.fi\/wp-content\/uploads\/2026\/04\/poster-edited-1024x683.png 1024w, https:\/\/www.posiopaivat.fi\/wp-content\/uploads\/2026\/04\/poster-edited-768x512.png 768w, https:\/\/www.posiopaivat.fi\/wp-content\/uploads\/2026\/04\/poster-edited-1536x1024.png 1536w, https:\/\/www.posiopaivat.fi\/wp-content\/uploads\/2026\/04\/poster-edited-2048x1365.png 2048w, https:\/\/www.posiopaivat.fi\/wp-content\/uploads\/2026\/04\/poster-edited-360x240.png 360w\" sizes=\"auto, (max-width: 2560px) 100vw, 2560px\" \/><\/figure>\n<\/div><\/div><\/div>\n\n\n\n<div id=\"wp-block-themeisle-blocks-timeline-item-376cf7a6\" class=\"wp-block-themeisle-blocks-timeline-item ticss-7399efe0\"><div class=\"o-timeline-container\"><div class=\"o-timeline-icon\"><i class=\"fas fa-circle\"><\/i><\/div><div class=\"o-timeline-content\">\n<p class=\"has-small-font-size\">2025<\/p>\n\n\n\n<h3 class=\"wp-block-heading has-black-color has-text-color has-link-color wp-elements-6d8a6e3c64eac72ca8325214229ed6a8\">Lords of the sea<\/h3>\n\n\n\n<p>Kemi<br><a href=\"https:\/\/drive.google.com\/drive\/folders\/114NvlZk82jy-z66_ldtG3iZCBKxjbLiK\" data-type=\"link\" data-id=\"https:\/\/drive.google.com\/drive\/folders\/114NvlZk82jy-z66_ldtG3iZCBKxjbLiK\">Kuvat<\/a><\/p>\n\n\n\n<figure class=\"wp-block-image size-full\"><img loading=\"lazy\" decoding=\"async\" width=\"960\" height=\"540\" src=\"https:\/\/www.posiopaivat.fi\/wp-content\/uploads\/2026\/04\/PoSIO-paivat.png\" alt=\"\" class=\"wp-image-177\" srcset=\"https:\/\/www.posiopaivat.fi\/wp-content\/uploads\/2026\/04\/PoSIO-paivat.png 960w, https:\/\/www.posiopaivat.fi\/wp-content\/uploads\/2026\/04\/PoSIO-paivat-300x169.png 300w, https:\/\/www.posiopaivat.fi\/wp-content\/uploads\/2026\/04\/PoSIO-paivat-768x432.png 768w\" sizes=\"auto, (max-width: 960px) 100vw, 960px\" \/><\/figure>\n<\/div><\/div><\/div>\n\n\n\n<div id=\"wp-block-themeisle-blocks-timeline-item-23ebc914\" class=\"wp-block-themeisle-blocks-timeline-item ticss-3f981855\"><div class=\"o-timeline-container\"><div class=\"o-timeline-icon\"><i class=\"fas fa-circle\"><\/i><\/div><div class=\"o-timeline-content\">\n<p class=\"has-small-font-size\">2024<\/p>\n\n\n\n<h3 class=\"wp-block-heading has-black-color has-text-color has-link-color wp-elements-62e2d08e304a1600b60110ccb9e745fc\">Kasari<\/h3>\n\n\n\n<p>Rovaniemi<br><a href=\"https:\/\/drive.google.com\/drive\/folders\/1bMLsL9GNBw6_j3HnF9XjoJnDw_jrsTO0?usp=drive_link\">Kuvat<\/a><\/p>\n\n\n\n<figure class=\"wp-block-image size-large\"><img loading=\"lazy\" decoding=\"async\" width=\"2048\" height=\"1365\" src=\"https:\/\/www.posiopaivat.fi\/wp-content\/uploads\/2026\/04\/RoVIO-2024-edited.jpeg\" alt=\"\" class=\"wp-image-184\" srcset=\"https:\/\/www.posiopaivat.fi\/wp-content\/uploads\/2026\/04\/RoVIO-2024-edited.jpeg 2048w, https:\/\/www.posiopaivat.fi\/wp-content\/uploads\/2026\/04\/RoVIO-2024-edited-300x200.jpeg 300w, https:\/\/www.posiopaivat.fi\/wp-content\/uploads\/2026\/04\/RoVIO-2024-edited-1024x683.jpeg 1024w, https:\/\/www.posiopaivat.fi\/wp-content\/uploads\/2026\/04\/RoVIO-2024-edited-768x512.jpeg 768w, https:\/\/www.posiopaivat.fi\/wp-content\/uploads\/2026\/04\/RoVIO-2024-edited-1536x1024.jpeg 1536w, https:\/\/www.posiopaivat.fi\/wp-content\/uploads\/2026\/04\/RoVIO-2024-edited-360x240.jpeg 360w\" sizes=\"auto, (max-width: 2048px) 100vw, 2048px\" \/><\/figure>\n<\/div><\/div><\/div>\n\n\n\n<div id=\"wp-block-themeisle-blocks-timeline-item-854ea0c5\" class=\"wp-block-themeisle-blocks-timeline-item ticss-8f990dfd\"><div class=\"o-timeline-container\"><div class=\"o-timeline-icon\"><i class=\"fas fa-circle\"><\/i><\/div><div class=\"o-timeline-content\">\n<p class=\"has-small-font-size\">2023<\/p>\n\n\n\n<h3 class=\"wp-block-heading has-black-color has-text-color has-link-color wp-elements-7839fe4896c239519978de56e2f00029\">Jallut\u00e4hden mets\u00e4stys<\/h3>\n\n\n\n<p>Oulu<\/p>\n\n\n\n<figure class=\"wp-block-image size-full\"><img loading=\"lazy\" decoding=\"async\" width=\"1000\" height=\"667\" src=\"https:\/\/www.posiopaivat.fi\/wp-content\/uploads\/2026\/04\/oio-2023-edited.jpg\" alt=\"\" class=\"wp-image-174\" style=\"aspect-ratio:16\/9;object-fit:cover\" srcset=\"https:\/\/www.posiopaivat.fi\/wp-content\/uploads\/2026\/04\/oio-2023-edited.jpg 1000w, https:\/\/www.posiopaivat.fi\/wp-content\/uploads\/2026\/04\/oio-2023-edited-300x200.jpg 300w, https:\/\/www.posiopaivat.fi\/wp-content\/uploads\/2026\/04\/oio-2023-edited-768x512.jpg 768w, https:\/\/www.posiopaivat.fi\/wp-content\/uploads\/2026\/04\/oio-2023-edited-360x240.jpg 360w\" sizes=\"auto, (max-width: 1000px) 100vw, 1000px\" \/><\/figure>\n<\/div><\/div><\/div>\n\n\n\n<div id=\"wp-block-themeisle-blocks-timeline-item-e8fbefd5\" class=\"wp-block-themeisle-blocks-timeline-item ticss-c5a15717\"><div class=\"o-timeline-container\"><div class=\"o-timeline-icon\"><i class=\"fas fa-circle\"><\/i><\/div><div class=\"o-timeline-content\">\n<p class=\"has-small-font-size\">2022<\/p>\n\n\n\n<h3 class=\"wp-block-heading has-black-color has-text-color has-link-color wp-elements-14c6dcd60fe8a286e253e623f4e3fa66\">Mustasurma<\/h3>\n\n\n\n<p>Kajaani<br><a href=\"https:\/\/drive.google.com\/drive\/folders\/1olR6pBXIxfTKFZQdzUMqlWRJtphRDW04?usp=drive_link\">Kuvat<\/a><\/p>\n\n\n\n<figure class=\"wp-block-image size-large\"><img decoding=\"async\" src=\"https:\/\/scontent-hel3-1.xx.fbcdn.net\/v\/t39.30808-6\/275943381_506542137569271_4361803861601742368_n.png?stp=dst-jpg_tt6&amp;_nc_cat=108&amp;ccb=1-7&amp;_nc_sid=b895b5&amp;_nc_ohc=a1EKGmgpK2IQ7kNvwGDhz2C&amp;_nc_oc=AdoGF5Tkjhtr4uADi3jNXbA-74gqPuPcdpo1asUAKftg_rvIsmf832K6DtiZ1OrsYkdkqBqejt8GUTUCuc00anWZ&amp;_nc_zt=23&amp;_nc_ht=scontent-hel3-1.xx&amp;_nc_gid=823GzRlVOQavjIaepYe9bQ&amp;_nc_ss=7a3a8&amp;oh=00_Af2P_SONX3oB2apNUwK0BVVOts2M2Pmin5KXMs4_3i1TMA&amp;oe=69DBF430\" alt=\"\"\/><\/figure>\n<\/div><\/div><\/div>\n\n\n\n<div id=\"wp-block-themeisle-blocks-timeline-item-c8ed8135\" class=\"wp-block-themeisle-blocks-timeline-item ticss-a1da795d\"><div class=\"o-timeline-container\"><div class=\"o-timeline-icon\"><i class=\"fas fa-circle\"><\/i><\/div><div class=\"o-timeline-content\">\n<p class=\"has-small-font-size\">2021<\/p>\n\n\n\n<h3 class=\"wp-block-heading has-black-color has-text-color has-link-color wp-elements-9a36ceb4e296af599d233710fde919f9\">Back to the Kemi<\/h3>\n\n\n\n<p>Kemi<br><a href=\"https:\/\/drive.google.com\/drive\/folders\/1iQDrrmWatk7zO_HbkqCgYsNOnj6aNtgj?usp=drive_link\">Kuvat<\/a><\/p>\n\n\n\n<figure class=\"wp-block-image size-large\"><img decoding=\"async\" src=\"https:\/\/scontent-hel3-1.xx.fbcdn.net\/v\/t1.6435-9\/87025863_124610205762468_7732237066167123968_n.jpg?_nc_cat=103&amp;ccb=1-7&amp;_nc_sid=2a1932&amp;_nc_ohc=2cp_jpDk2NwQ7kNvwE5GhRc&amp;_nc_oc=AdpkdyaGjQWw5DN8ncXNkf2KG9AfyKFDzo6akyXZVZfGW9iStQmXvIkvkzQK-Z3p3vLfmzX-7VHljPcNi-hBCM5K&amp;_nc_zt=23&amp;_nc_ht=scontent-hel3-1.xx&amp;_nc_gid=99VhV3RJFTPe5AYZ6J-mTg&amp;_nc_ss=7a3a8&amp;oh=00_Af2ryjyTEy7gLNs_a9LNiHqrcrOr1WStla0YGGBxDSouSQ&amp;oe=69FD8D2F\" alt=\"\"\/><\/figure>\n<\/div><\/div><\/div>\n\n\n\n<div id=\"wp-block-themeisle-blocks-timeline-item-129bf9a8\" class=\"wp-block-themeisle-blocks-timeline-item ticss-2d3f4e97\"><div class=\"o-timeline-container\"><div class=\"o-timeline-icon\"><i class=\"fas fa-circle\"><\/i><\/div><div class=\"o-timeline-content\">\n<p class=\"has-small-font-size\">2019<\/p>\n\n\n\n<h3 class=\"wp-block-heading has-black-color has-text-color has-link-color wp-elements-5b3b7892e07379b169dc65e524afb9c8\">Tulevaisuuden PoSIO-p\u00e4iv\u00e4t<\/h3>\n\n\n\n<p>Rovaniemi<\/p>\n\n\n\n<figure class=\"wp-block-image size-large\"><img decoding=\"async\" src=\"https:\/\/scontent-hel3-1.xx.fbcdn.net\/v\/t1.6435-9\/69335527_1611143809021008_6393788925881614336_n.jpg?_nc_cat=110&amp;ccb=1-7&amp;_nc_sid=2a1932&amp;_nc_ohc=8iTT9u5s5QEQ7kNvwGc7rWW&amp;_nc_oc=Ado8_Dx9GNpO-N7_ZwMz1tfNsSsKxfGOwUEBf4SHkEDKxXR8BVcy-86i6vypycfI5SZu-wZAHRggKRD85_qPtKYk&amp;_nc_zt=23&amp;_nc_ht=scontent-hel3-1.xx&amp;_nc_gid=-sLJkisg84INOMJDRDRCPQ&amp;_nc_ss=7a3a8&amp;oh=00_Af1NrTORwG8koCLH0qWsYY1S9AB7v7lxAi1ckCQ18j1mGQ&amp;oe=69FD98A7\" alt=\"\"\/><\/figure>\n<\/div><\/div><\/div>\n\n\n\n<div id=\"wp-block-themeisle-blocks-timeline-item-0988015e\" class=\"wp-block-themeisle-blocks-timeline-item ticss-d3b90766\"><div class=\"o-timeline-container\"><div class=\"o-timeline-icon\"><i class=\"fas fa-circle\"><\/i><\/div><div class=\"o-timeline-content\">\n<p class=\"has-small-font-size\">2018<\/p>\n\n\n\n<h3 class=\"wp-block-heading has-black-color has-text-color has-link-color wp-elements-81576d14baaa7e21a177a46dbf667398\">60&#8217;s<\/h3>\n\n\n\n<p>Oulu<\/p>\n\n\n\n<figure class=\"wp-block-image size-large\"><img decoding=\"async\" src=\"https:\/\/scontent-hel3-1.xx.fbcdn.net\/v\/t39.30808-6\/511570254_3538866759582027_6023455121267443643_n.jpg?_nc_cat=110&amp;ccb=1-7&amp;_nc_sid=7e0d18&amp;_nc_ohc=mzkrEegL45AQ7kNvwFHQxl4&amp;_nc_oc=AdqaUGqrXSRMHdFcFWP_gAmnq-X4RepNyGKpFMH5bA5CGSM_RugauwpIVG4KKchloI4ZePIe1ET5IOylMlo8xOfb&amp;_nc_zt=23&amp;_nc_ht=scontent-hel3-1.xx&amp;_nc_gid=7yEudtxFeywAIV8pm97pGw&amp;_nc_ss=7a3a8&amp;oh=00_Af3sSxH_xOXdRd0J1SOUCDMz72zxjDGD6FGWCwFJO4M5sg&amp;oe=69DC0E4E\" alt=\"\"\/><\/figure>\n<\/div><\/div><\/div>\n\n\n\n<div id=\"wp-block-themeisle-blocks-timeline-item-ad3a0188\" class=\"wp-block-themeisle-blocks-timeline-item ticss-dfc2949d\"><div class=\"o-timeline-container\"><div class=\"o-timeline-icon\"><i class=\"fas fa-circle\"><\/i><\/div><div class=\"o-timeline-content\">\n<p class=\"has-small-font-size\">2017<\/p>\n\n\n\n<h3 class=\"wp-block-heading has-black-color has-text-color has-link-color wp-elements-f54ce72b4ee0f1e0cd2da0e824c0bccd\">Mielens\u00e4pahoittajat<\/h3>\n\n\n\n<p>Kajaani<\/p>\n\n\n\n<figure class=\"wp-block-image size-full\"><img loading=\"lazy\" decoding=\"async\" width=\"852\" height=\"480\" src=\"https:\/\/www.posiopaivat.fi\/wp-content\/uploads\/2026\/04\/kaio-2017.png\" alt=\"\" class=\"wp-image-175\" srcset=\"https:\/\/www.posiopaivat.fi\/wp-content\/uploads\/2026\/04\/kaio-2017.png 852w, https:\/\/www.posiopaivat.fi\/wp-content\/uploads\/2026\/04\/kaio-2017-300x169.png 300w, https:\/\/www.posiopaivat.fi\/wp-content\/uploads\/2026\/04\/kaio-2017-768x433.png 768w\" sizes=\"auto, (max-width: 852px) 100vw, 852px\" \/><\/figure>\n<\/div><\/div><\/div>\n<\/div><\/div>\n","protected":false},"excerpt":{"rendered":"<p>PoSIO-p\u00e4ivien perinne juontaa juurensa Pohjois-Suomen insin\u00f6\u00f6riopiskelijayhdistysten yhteisty\u00f6h\u00f6n. Tapahtuma on vuosittainen kokoontuminen, joka tarjoaa opiskelijoille mahdollisuuden tutustua toisiinsa, kisailla rastikierroksella sek\u00e4 nauttia musiikista ja insin\u00f6\u00f6riopiskelijakulttuurista. Tervetulleita ovat my\u00f6s kaikki muut opiskelijat \u2013 ei vaadi insin\u00f6\u00f6riopiskelijataustaa!Ohjelmassa mm. aloittajatapahtuma, perinteiset insin\u00f6\u00f6riopiskelijalaulut, rastikierros 3-6 hengen ryhmiss\u00e4 sek\u00e4 jatkot. Aiempien vuosien PoSIO-p\u00e4ivi\u00e4 on juhlittu mm. [&hellip;]<\/p>\n","protected":false},"author":1,"featured_media":0,"parent":104,"menu_order":20,"comment_status":"closed","ping_status":"closed","template":"page-templates\/template-fullwidth.php","meta":{"_themeisle_gutenberg_block_has_review":false,"footnotes":""},"class_list":["post-2","page","type-page","status-publish","hentry"],"_links":{"self":[{"href":"https:\/\/www.posiopaivat.fi\/index.php\/wp-json\/wp\/v2\/pages\/2","targetHints":{"allow":["GET"]}}],"collection":[{"href":"https:\/\/www.posiopaivat.fi\/index.php\/wp-json\/wp\/v2\/pages"}],"about":[{"href":"https:\/\/www.posiopaivat.fi\/index.php\/wp-json\/wp\/v2\/types\/page"}],"author":[{"embeddable":true,"href":"https:\/\/www.posiopaivat.fi\/index.php\/wp-json\/wp\/v2\/users\/1"}],"replies":[{"embeddable":true,"href":"https:\/\/www.posiopaivat.fi\/index.php\/wp-json\/wp\/v2\/comments?post=2"}],"version-history":[{"count":20,"href":"https:\/\/www.posiopaivat.fi\/index.php\/wp-json\/wp\/v2\/pages\/2\/revisions"}],"predecessor-version":[{"id":203,"href":"https:\/\/www.posiopaivat.fi\/index.php\/wp-json\/wp\/v2\/pages\/2\/revisions\/203"}],"up":[{"embeddable":true,"href":"https:\/\/www.posiopaivat.fi\/index.php\/wp-json\/wp\/v2\/pages\/104"}],"wp:attachment":[{"href":"https:\/\/www.posiopaivat.fi\/index.php\/wp-json\/wp\/v2\/media?parent=2"}],"curies":[{"name":"wp","href":"https:\/\/api.w.org\/{rel}","templated":true}]}}